{"id":5966,"date":"2021-03-16T11:37:01","date_gmt":"2021-03-16T11:37:01","guid":{"rendered":"https:\/\/10.16.0.238\/juridico\/?page_id=5966"},"modified":"2025-11-18T09:20:29","modified_gmt":"2025-11-18T09:20:29","slug":"onlygal-tp-puntos-del-carnet","status":"publish","type":"page","link":"https:\/\/onlygal.es\/juridico\/thank-you\/onlygal-tp-puntos-del-carnet\/","title":{"rendered":"onLygal &#8211; TP &#8211; Puntos del carnet"},"content":{"rendered":"<div class=\"wpb-content-wrapper\"><p>[vc_row][vc_column][vc_column_text]<\/p>\n<h2 style=\"text-align: center; color: #02396f;\"><i class=\"fas fa-check-circle\"><\/i> \u00a1Gracias!<\/h2>\n<p>[\/vc_column_text][vc_column_text]<\/p>\n<h3 style=\"text-align: center;\">En breve recibir\u00e1s tu gu\u00eda por correo electr\u00f3nico<\/h3>\n<p>[\/vc_column_text][vc_column_text]<\/p>\n<p style=\"text-align: center;\">Si no la encuentras, por favor, revisa la carpeta \u00abSpam\u00bb o \u00abCorreo no deseado\u00bb.<\/p>\n<p>[\/vc_column_text][vc_separator][vc_column_text]<\/p>\n<h3 class=\"bold\" style=\"text-align: center; color: #02396f;\">\u00bfQuieres descubrir m\u00e1s soluciones legales? Suscr\u00edbete al blog<\/h3>\n<p>[\/vc_column_text][vc_raw_html]JTNDc2NyaXB0JTIwdHlwZSUzRCUyMnRleHQlMkZqYXZhc2NyaXB0JTIyJTNFdmFyJTIwbG9jJTIwJTNEJTIwJTIyaHR0cHMlM0ElMkYlMkZhbmFseXRpY3MtZXUuY2xpY2tkaW1lbnNpb25zLmNvbSUyRmRhc2VzLWFlejY4JTJGcGFnZXMlMkYlMjIlM0IlM0MlMkZzY3JpcHQlM0UlMEElM0NzY3JpcHQlMjB0eXBlJTNEJTIydGV4dCUyRmphdmFzY3JpcHQlMjIlMjBzcmMlM0QlMjJodHRwcyUzQSUyRiUyRmF6NTUxOTE0LnZvLm1zZWNuZC5uZXQlMkZ3ZWIlMkZ2MTAlMkZDRFdpZGdldC5qcyUyMiUzRSUzQyUyRnNjcmlwdCUzRSUwQSUzQ2RpdiUyMHBhZ2VpZCUzRCUyMm52Z2E0Z3V1ZWVlYmNlYWhnMmJnd3ElMjIlM0UlM0MlMkZkaXYlM0U=[\/vc_raw_html][\/vc_column][\/vc_row]<\/p>\n<\/div>","protected":false},"excerpt":{"rendered":"<p>[vc_row][vc_column][vc_column_text] \u00a1Gracias! [\/vc_column_text][vc_column_text] En breve recibir\u00e1s tu gu\u00eda por correo electr\u00f3nico [\/vc_column_text][vc_column_text] Si no la encuentras, por favor, revisa la carpeta \u00abSpam\u00bb o \u00abCorreo no deseado\u00bb. [\/vc_column_text][vc_separator][vc_column_text] \u00bfQuieres descubrir m\u00e1s soluciones legales? Suscr\u00edbete al blog [\/vc_column_text][vc_raw_html]JTNDc2NyaXB0JTIwdHlwZSUzRCUyMnRleHQlMkZqYXZhc2NyaXB0JTIyJTNFdmFyJTIwbG9jJTIwJTNEJTIwJTIyaHR0cHMlM0ElMkYlMkZhbmFseXRpY3MtZXUuY2xpY2tkaW1lbnNpb25zLmNvbSUyRmRhc2VzLWFlejY4JTJGcGFnZXMlMkYlMjIlM0IlM0MlMkZzY3JpcHQlM0UlMEElM0NzY3JpcHQlMjB0eXBlJTNEJTIydGV4dCUyRmphdmFzY3JpcHQlMjIlMjBzcmMlM0QlMjJodHRwcyUzQSUyRiUyRmF6NTUxOTE0LnZvLm1zZWNuZC5uZXQlMkZ3ZWIlMkZ2MTAlMkZDRFdpZGdldC5qcyUyMiUzRSUzQyUyRnNjcmlwdCUzRSUwQSUzQ2RpdiUyMHBhZ2VpZCUzRCUyMm52Z2E0Z3V1ZWVlYmNlYWhnMmJnd3ElMjIlM0UlM0MlMkZkaXYlM0U=[\/vc_raw_html][\/vc_column][\/vc_row]<\/p>\n","protected":false},"author":1,"featured_media":0,"parent":5816,"menu_order":0,"comment_status":"closed","ping_status":"closed","template":"","meta":{"_acf_changed":false,"footnotes":""},"class_list":["post-5966","page","type-page","status-publish","hentry"],"acf":[],"_links":{"self":[{"href":"https:\/\/onlygal.es\/juridico\/wp-json\/wp\/v2\/pages\/5966","targetHints":{"allow":["GET"]}}],"collection":[{"href":"https:\/\/onlygal.es\/juridico\/wp-json\/wp\/v2\/pages"}],"about":[{"href":"https:\/\/onlygal.es\/juridico\/wp-json\/wp\/v2\/types\/page"}],"author":[{"embeddable":true,"href":"https:\/\/onlygal.es\/juridico\/wp-json\/wp\/v2\/users\/1"}],"replies":[{"embeddable":true,"href":"https:\/\/onlygal.es\/juridico\/wp-json\/wp\/v2\/comments?post=5966"}],"version-history":[{"count":1,"href":"https:\/\/onlygal.es\/juridico\/wp-json\/wp\/v2\/pages\/5966\/revisions"}],"predecessor-version":[{"id":11186,"href":"https:\/\/onlygal.es\/juridico\/wp-json\/wp\/v2\/pages\/5966\/revisions\/11186"}],"up":[{"embeddable":true,"href":"https:\/\/onlygal.es\/juridico\/wp-json\/wp\/v2\/pages\/5816"}],"wp:attachment":[{"href":"https:\/\/onlygal.es\/juridico\/wp-json\/wp\/v2\/media?parent=5966"}],"curies":[{"name":"wp","href":"https:\/\/api.w.org\/{rel}","templated":true}]}}