{"id":5844,"date":"2021-03-16T08:10:57","date_gmt":"2021-03-16T08:10:57","guid":{"rendered":"https:\/\/10.16.0.238\/juridico\/?page_id=5844"},"modified":"2024-01-17T10:05:09","modified_gmt":"2024-01-17T10:05:09","slug":"politica-de-cookies","status":"publish","type":"page","link":"https:\/\/onlygal.es\/juridico\/politica-de-cookies\/","title":{"rendered":"Pol\u00edtica de cookies"},"content":{"rendered":"\r\n<p><strong>[cookie_popup_content]<\/strong><\/p>\r\n\r\n\r\n\r\n<p><strong>Qu\u00e9 son las cookies<\/strong><\/p>\r\n\r\n\r\n\r\n<p>Una cookie es un peque\u00f1o archivo que pueden utilizarse para almacenar informaci\u00f3n y que se instala en el navegador del dispositivo electr\u00f3nico del usuario al visitar una p\u00e1gina web por primera vez.\u00a0 Cuando el usuario visita nuevamente la misma p\u00e1gina, el servidor consulta la informaci\u00f3n almacenada en la cookie\u00a0para adaptar la configuraci\u00f3n del sitio web y hacer la visita del usuario tan personalizada como sea posible.<\/p>\r\n\r\n\r\n\r\n<p>Las cookies pueden servir para finalidades muy diversas como, por ejemplo, reconocer al usuario que ya ha visitado la web, obtener informaci\u00f3n sobre sus preferencias al navegar por la web o personalizar la forma en la que se le muestra un contenido.<\/p>\r\n\r\n\r\n\r\n<p>Aunque el prop\u00f3sito principal de las cookies es identificar al usuario, la informaci\u00f3n que se recopila no es su nombre, direcci\u00f3n\u2026 sino una combinaci\u00f3n de cuenta de usuario, ordenador y navegador. De esta manera, cualquiera que utilice varios dispositivos electr\u00f3nicos o varios navegadores, tiene tambi\u00e9n cookies instaladas en cada dispositivo y en cada navegador.<\/p>\r\n\r\n\r\n\r\n<p>Debes tener en cuenta que las\u00a0cookies\u00a0que utilizamos no ejecutan ning\u00fan programa malicioso (virus) ni borrar ni leer informaci\u00f3n de tu dispositivo electr\u00f3nico.<\/p>\r\n\r\n\r\n\r\n<p><strong>\u00bfQui\u00e9n es responsable de la gesti\u00f3n de las cookies de esta p\u00e1gina web?<\/strong><\/p>\r\n\r\n\r\n\r\n<p>La informaci\u00f3n almacenada en las cookies es utilizada por el Grupo onLygal, formado por las compa\u00f1\u00edas que se indican a continuaci\u00f3n:<\/p>\r\n\r\n\r\n\r\n<p>Identidad:\u00a0 \u00a0 \u00a0 \u00a0 \u00a0 \u00a0 \u00a0Onlygal Seguros y Reaseguros, S.A.\u00a0<br \/>Dir postal:\u00a0\u00a0\u00a0\u00a0\u00a0\u00a0\u00a0\u00a0\u00a0\u00a0\u00a0\u00a0 Pza. Europa 41-43 6\u00aa planta, de Hospitalet de Llobregat (08908), Barcelona<br \/>Correo elect:\u00a0\u00a0\u00a0\u00a0\u00a0\u00a0\u00a0\u00a0<a href=\"mailto:lopd@das.es\">lopd.seguros@onlygal.es<\/a><br \/>Contacto Delegado de Protecci\u00f3n de Datos: <a href=\"mailto:dpd@das.es\">lopd.seguros@onlygal.es<\/a><\/p>\r\n\r\n\r\n\r\n<p><strong>\u00bfQu\u00e9 tipo de cookies utilizamos en nuestra web y qu\u00e9 finalidad tienen?<\/strong><\/p>\r\n\r\n\r\n\r\n<p>El Grupo onLygal utiliza en su p\u00e1gina web cookies con diferentes finalidades: t\u00e9cnicas, anal\u00edticas y publicitarias comportamentales.<\/p>\r\n\r\n\r\n\r\n<ul class=\"wp-block-list\">\r\n<li><strong>Cookies t\u00e9cnicas<\/strong>: Son cookies que debemos incluir para que las p\u00e1ginas web funcionen y no requieren el consentimiento del usuario. Si el usuario deshabilita este tipo de cookies a trav\u00e9s de las preferencias de su navegador, no ser\u00e1 posible continuar la navegaci\u00f3n por el sitio web. Por ejemplo, nos permiten conocer si el usuario ha aceptado o rechazado la pol\u00edtica de cookies, identificar al usuario que ha cumplimentado un formulario o detectar intentos err\u00f3neos y reiterados de conexi\u00f3n.<\/li>\r\n<li><strong>Cookies anal\u00edticas<\/strong>: Permiten cuantificar el n\u00famero de usuarios que visitan la web y analizar la utilizaci\u00f3n que hacen los usuarios de la web.<\/li>\r\n<li><strong>Cookies publicitarias comportamentales<\/strong>: Almacenan informaci\u00f3n del comportamiento del usuario obtenida a trav\u00e9s de la observaci\u00f3n continuada de sus h\u00e1bitos de navegaci\u00f3n y nos permiten desarrollar un perfil espec\u00edfico para mostrarle publicidad de forma personalizada, tanto dentro como fuera de la p\u00e1gina web.<\/li>\r\n<\/ul>\r\n\r\n\r\n\r\n<p>Puedes consultar a continuaci\u00f3n la\u00a0tabla de cookies\u00a0que utilizamos, con informaci\u00f3n desglosada por cada una de ellas sobre su finalidad (t\u00e9cnica, anal\u00edtica o publicitaria comportamental), si es propia o de terceros (con identificaci\u00f3n, en tal caso, del tercero), as\u00ed como el tiempo de conservaci\u00f3n de la cookie en tu dispositivo electr\u00f3nico.<\/p>\r\n\r\n\r\n\r\n<p><strong>\u00bfQu\u00e9 legitimaci\u00f3n tenemos para la instalaci\u00f3n de las cookies?<\/strong><\/p>\r\n\r\n\r\n\r\n<ul class=\"wp-block-list\">\r\n<li>Cookies t\u00e9cnicas: Su instalaci\u00f3n es necesaria para poder dar acceso correctamente al servicio y contenidos de esta p\u00e1gina web.<\/li>\r\n<li>Cookies anal\u00edticas y publicitarias comportamentales: Para instalar estas cookies es necesario el consentimiento del usuario.<\/li>\r\n<\/ul>\r\n\r\n\r\n\r\n<p><strong>\u00bfQui\u00e9n usa la informaci\u00f3n almacenada en las cookies?<\/strong><\/p>\r\n\r\n\r\n\r\n<p>Si la cookie es \u201cpropia\u201d, tal y como se identifica en la tabla de cookies, la informaci\u00f3n obtenida por las cookies solo puede ser le\u00edda por el sitio web del Grupo onLygal que est\u00e1s visitando.\u00a0 Un ejemplo de cookies propias son las de inicio de sesi\u00f3n. Permiten identificar la IP del usuario cuando entra en un sitio web.<\/p>\r\n\r\n\r\n\r\n<p>Si la cookie es \u201cde terceros\u201d, la informaci\u00f3n obtenida por las cookies es, adem\u00e1s, es tratada por empresas externas contratadas por el Grupo onLygal para mejorar la oferta de servicios ofertados en la web y, en particular para la obtenci\u00f3n de estad\u00edsticas de accesos y uso de la web por parte de los usuarios. \u00a0Un ejemplo de cookies de terceros son las de Google Analytics que almacenan datos estad\u00edsticos y anal\u00edticos de los visitantes en la web del Grupo onLygal.<\/p>\r\n\r\n\r\n\r\n<p>Puedes conocer en la\u00a0tabla de cookies\u00a0las empresas externas que acceden a la informaci\u00f3n.<\/p>\r\n\r\n\r\n\r\n<p>Estas empresas est\u00e1n ubicadas en la Uni\u00f3n Europea o son empresas certificadas bajo el denominado\u00a0Privacy Shield.<\/p>\r\n\r\n\r\n\r\n<p><strong>Gesti\u00f3n de cookies en p\u00e1ginas web de terceros ajenos al Grupo onLygal:<\/strong><\/p>\r\n\r\n\r\n\r\n<p>Al navegar por nuestra p\u00e1gina web, el usuario puede acceder a otros sitios web de terceros, como Linkedin o Youtube. Cuando el usuario seleccione esta opci\u00f3n, ser\u00e1 redirigido a dichos sitios web. Una vez abandonadas nuestras p\u00e1ginas, no nos responsabilizamos del uso de cookies que realicen dichos sitios web ajenos al Grupo onLygal. Es conveniente que el usuario revise la pol\u00edtica de privacidad y de cookies de estas entidades.<\/p>\r\n\r\n\r\n\r\n<p>Si lo desea, puede consultar las pol\u00edticas de privacidad de estos enlaces en las siguientes direcciones:<\/p>\r\n\r\n\r\n\r\n<p><a href=\"https:\/\/www.linkedin.com\/legal\/privacy-policy?_l=es_ES\" target=\"_blank\" rel=\"noopener\">Pol\u00edtica de privacidad de LinkedIn<\/a><br \/><a href=\"https:\/\/help.twitter.com\/es\/rules-and-policies\/update-privacy-policy\" target=\"_blank\" rel=\"noopener\">Pol\u00edtica de privacidad de Twitter<\/a><br \/><a href=\"https:\/\/es-es.facebook.com\/privacy\/explanation\" target=\"_blank\" rel=\"noopener\">Pol\u00edtica de privacidad de Facebook<\/a><br \/><a href=\"https:\/\/www.youtube.com\/intl\/es\/about\/policies\/#community-guidelines\" target=\"_blank\" rel=\"noopener\">Pol\u00edtica de privacidad de Youtube<\/a><\/p>\r\n\r\n\r\n\r\n<p><strong>\u00bfC\u00f3mo puedes configurar las cookies y revocar el consentimiento?<\/strong><\/p>\r\n\r\n\r\n\r\n<p>Cuando el usuario accede por primera vez a nuestra p\u00e1gina web, se le mostrar\u00e1 un banner en el que se le solicitar\u00e1 que acepte o rechace las cookies. No existir\u00e1 la opci\u00f3n de aceptar o rechazar las cookies t\u00e9cnicas por requerirse para la navegaci\u00f3n.<\/p>\r\n\r\n\r\n\r\n<p>Una vez configuradas, el usuario podr\u00e1 consultar o modificar sus preferencias, aqu\u00ed:\u00a0<a>Ajustes<\/a>. Si el\u00a0 usuario acept\u00f3 cookies y con posterioridad desea eliminarlas, deber\u00e1 hacerlo necesariamente desde las opciones de su navegador.<\/p>\r\n\r\n\r\n\r\n<p>El usuario puede consultar en su navegador las cookies que se le han instalado y, si lo desea, borrarlas. En el men\u00fa de su navegador tambi\u00e9n puede permitir o bloquear nuevas cookies. La forma de hacerlo var\u00eda seg\u00fan el tipo de navegador y puede consultarse en el men\u00fa de ayuda del propio navegador. Puede obtener m\u00e1s informaci\u00f3n en los siguientes enlaces:<\/p>\r\n\r\n\r\n\r\n<p><a href=\"https:\/\/support.microsoft.com\/es-es\/help\/278835\/how-to-delete-cookie-files-in-internet-explorer\" target=\"_blank\" rel=\"noopener\">Informaci\u00f3n sobre Internet Explorer<\/a>.<br \/><a href=\"https:\/\/support.google.com\/accounts\/answer\/61416?co=GENIE.Platform%3DDesktop&amp;hl=es\" target=\"_blank\" rel=\"noopener\">Informaci\u00f3n sobre Chrome.<\/a><br \/><a href=\"https:\/\/support.mozilla.org\/es\/kb\/Borrar%20cookies\" target=\"_blank\" rel=\"noopener\">Informaci\u00f3n sobre Mozilla Firefox<\/a>.<br \/><a href=\"https:\/\/support.apple.com\/es-es\/guide\/safari\/sfri11471\/mac\" target=\"_blank\" rel=\"noopener\">Informaci\u00f3n sobre Safari.<\/a><\/p>\r\n\r\n\r\n\r\n<p>El usuario debe tener en cuenta que, si desde el navegador bloquea cookies t\u00e9cnicas, puede que alguno de los contenidos de nuestra p\u00e1gina web no est\u00e9n disponibles o funcionen de una forma menos eficaz.<\/p>\r\n\r\n\r\n\r\n<p><style>td, th {width: 30%;}.entry-content thead tr th {\r\n    text-align: center;\r\n    text-transform: uppercase;\r\n    background: #e2e2e2;\r\n    border-right: 1px solid #ccc;\r\n    border-bottom: 1px solid #ccc;\r\n    padding: 5px;\r\n    line-height: 1.8em;\r\n    font-size: 0.8em;\r\n    vertical-align: top;\r\n}<\/style><\/p>\r\n<figure class=\"wp-block-table is-style-stripes\">\r\n<table>\r\n<thead>\r\n<tr>\r\n<th>COOKIES<\/th>\r\n<th>DURACI\u00d3N<\/th>\r\n<th>DESCRIPCI\u00d3N<\/th>\r\n<\/tr>\r\n<\/thead>\r\n<tbody>\r\n<tr>\r\n<th style=\"text-align: center;\" colspan=\"3\">Cookies t\u00e9cnicas<\/th>\r\n<\/tr>\r\n<tr>\r\n<td>WAF_DAS<\/td>\r\n<td>5 minutos<\/td>\r\n<td>Instalada por Fortinet, controla el funcionamiento del Firewall de protecci\u00f3n de la web.<\/td>\r\n<\/tr>\r\n<tr>\r\n<td>cookiesession1<\/td>\r\n<td>1 a\u00f1o<\/td>\r\n<td>Instalada por Fortinet, controla y limita el n\u00famero de conexiones TCP de un mismo usuario por sesi\u00f3n HTTP.<\/td>\r\n<\/tr>\r\n<tr>\r\n<td>OptanonConsent<\/td>\r\n<td>1 a\u00f1o<\/td>\r\n<td>Esta cookie es establecida por la soluci\u00f3n de cumplimiento de cookies de OneTrust. Almacena informaci\u00f3n sobre las categor\u00edas de cookies que utiliza el sitio y si los visitantes han dado o retirado su consentimiento para el uso de cada categor\u00eda. Esto permite a los propietarios del sitio evitar que las cookies de cada categor\u00eda se establezcan en el navegador de los usuarios, cuando no se da el consentimiento. No contiene informaci\u00f3n que pueda identificar al visitante del sitio.<\/td>\r\n<\/tr>\r\n<tr>\r\n<td>OptanonAlertBoxClosed<\/td>\r\n<td>1 a\u00f1o<\/td>\r\n<td>Esta cookie es establecida por sitios web que utilizan ciertas versiones de la soluci\u00f3n de cumplimiento de la ley de cookies de OneTrust.\u00a0 Se establece despu\u00e9s de que los visitantes han visto un aviso de informaci\u00f3n de cookies y en algunos casos s\u00f3lo cuando cierran activamente el aviso.\u00a0 Permite que el sitio web no muestre el mensaje m\u00e1s de una vez a un usuario.\u00a0 No contiene informaci\u00f3n personal.<\/td>\r\n<\/tr>\r\n<tr>\r\n<th style=\"text-align: center;\" colspan=\"3\">Cookies anal\u00edticas<\/th>\r\n<\/tr>\r\n<tr>\r\n<td>_gat_UA-33787200-1<\/td>\r\n<td>1 d\u00eda<\/td>\r\n<td>Cookie utilizada por Google Analytics para restringir la cantidad de datos registrados por Google en sitios con elevado volumen de tr\u00e1fico.<\/td>\r\n<\/tr>\r\n<tr>\r\n<td>_ga<\/td>\r\n<td>2 a\u00f1os<\/td>\r\n<td>Esta cookie es instalada por Google Analytics. La cookie se utiliza para calcular los datos de visitantes, sesiones, camapign y realizar un seguimiento del uso del sitio para el informe anal\u00edtico de la web. Las cookies almacenan informaci\u00f3n de forma an\u00f3nima y asignan un n\u00famero generado aleatoriamente para identificar visitantes \u00fanicos.<\/td>\r\n<\/tr>\r\n<tr>\r\n<td>_gid<\/td>\r\n<td>1 d\u00eda<\/td>\r\n<td>Esta cookie es instalada por Google Analytics. La cookie se utiliza para almacenar informaci\u00f3n sobre c\u00f3mo los visitantes usan un sitio web y ayuda a crear un informe anal\u00edtico de c\u00f3mo funciona el sitio. Se usa para distinguir a los usuarios.<\/td>\r\n<\/tr>\r\n<tr>\r\n<td>_gcl_au<\/td>\r\n<td>3 meses<\/td>\r\n<td>Instalada por Google Adsense para guardar y seguir las conversiones.<\/td>\r\n<\/tr>\r\n<tr>\r\n<td>_ga_XXXXXXXXXX<\/td>\r\n<td>2 a\u00f1os<\/td>\r\n<td>Este nombre de cookie est\u00e1 asociado con Google Universal Analytics, que es una actualizaci\u00f3n significativa del servicio de an\u00e1lisis m\u00e1s utilizado de Google. Esta cookie se utiliza para distinguir usuarios \u00fanicos asignando un n\u00famero generado aleatoriamente como identificador de cliente. Se incluye en cada solicitud de p\u00e1gina en un sitio y se utiliza para calcular los datos de visitantes, sesiones y campa\u00f1as para los informes de an\u00e1lisis de sitios. De forma predeterminada, est\u00e1 configurado para expirar despu\u00e9s de 2 a\u00f1os, aunque esto es personalizable por los propietarios del sitio web.<\/td>\r\n<\/tr>\r\n<tr>\r\n<th style=\"text-align: center;\" colspan=\"3\">Cookies Publicitarias<\/th>\r\n<\/tr>\r\n<tr>\r\n<td>MUID<\/td>\r\n<td>389 d\u00edas<\/td>\r\n<td>Esta cookie es ampliamente utilizada mi Microsoft como un identificador de usuario \u00fanico. Se puede establecer mediante scripts de microsoft incrustados. Ampliamente cre\u00eddo para sincronizar a trav\u00e9s de muchos dominios diferentes de Microsoft, lo que permite el seguimiento de usuarios.<\/td>\r\n<\/tr>\r\n<tr>\r\n<td>_uetsid<\/td>\r\n<td>Sesi\u00f3n<\/td>\r\n<td>Bing utiliza esta cookie para determinar qu\u00e9 anuncios deben mostrarse que pueden ser relevantes para el usuario final que examina el sitio.<\/td>\r\n<\/tr>\r\n<tr>\r\n<td>_uetvid<\/td>\r\n<td>389 d\u00edas<\/td>\r\n<td>Se trata de una cookie utilizada por Microsoft Bing Ads y es una cookie de seguimiento. Nos permite interactuar con un usuario que ha visitado previamente nuestro sitio web.<\/td>\r\n<\/tr>\r\n<tr>\r\n<td>outbrain_cid_fetch<\/td>\r\n<td>Sesi\u00f3n<\/td>\r\n<td>Esta cookie determina c\u00f3mo el usuario accedi\u00f3 al sitio web. El operador del sitio web utiliza esta informaci\u00f3n para medir la eficiencia de su marketing.<\/td>\r\n<\/tr>\r\n<tr>\r\n<th style=\"text-align: center;\" colspan=\"3\">Cookies dirigidas<\/th>\r\n<\/tr>\r\n<tr>\r\n<td>IDE<\/td>\r\n<td>389 d\u00edas<\/td>\r\n<td>Este dominio es propiedad de Doubleclick (Google). La actividad comercial principal es: Doubleclick es el intercambio de publicidad de ofertas en tiempo real de Google.<\/td>\r\n<\/tr>\r\n<\/tbody>\r\n<\/table>\r\n<\/figure>\r\n","protected":false},"excerpt":{"rendered":"<p>[cookie_popup_content] Qu\u00e9 son las cookies Una cookie es un peque\u00f1o archivo que pueden utilizarse para almacenar informaci\u00f3n y que se instala en el navegador del dispositivo electr\u00f3nico del usuario al visitar una p\u00e1gina web por primera vez.\u00a0 Cuando el usuario visita nuevamente la misma p\u00e1gina, el servidor consulta la informaci\u00f3n almacenada en la cookie\u00a0para adaptar [&hellip;]<\/p>\n","protected":false},"author":1,"featured_media":0,"parent":0,"menu_order":0,"comment_status":"closed","ping_status":"closed","template":"","meta":{"_acf_changed":false,"footnotes":""},"class_list":["post-5844","page","type-page","status-publish","hentry"],"acf":[],"_links":{"self":[{"href":"https:\/\/onlygal.es\/juridico\/wp-json\/wp\/v2\/pages\/5844","targetHints":{"allow":["GET"]}}],"collection":[{"href":"https:\/\/onlygal.es\/juridico\/wp-json\/wp\/v2\/pages"}],"about":[{"href":"https:\/\/onlygal.es\/juridico\/wp-json\/wp\/v2\/types\/page"}],"author":[{"embeddable":true,"href":"https:\/\/onlygal.es\/juridico\/wp-json\/wp\/v2\/users\/1"}],"replies":[{"embeddable":true,"href":"https:\/\/onlygal.es\/juridico\/wp-json\/wp\/v2\/comments?post=5844"}],"version-history":[{"count":0,"href":"https:\/\/onlygal.es\/juridico\/wp-json\/wp\/v2\/pages\/5844\/revisions"}],"wp:attachment":[{"href":"https:\/\/onlygal.es\/juridico\/wp-json\/wp\/v2\/media?parent=5844"}],"curies":[{"name":"wp","href":"https:\/\/api.w.org\/{rel}","templated":true}]}}