{"id":5440,"date":"2021-02-05T10:09:52","date_gmt":"2021-02-05T10:09:52","guid":{"rendered":"https:\/\/10.16.0.238\/juridico\/?page_id=5440"},"modified":"2025-11-18T09:29:13","modified_gmt":"2025-11-18T09:29:13","slug":"suscripcion-al-blog","status":"publish","type":"page","link":"https:\/\/onlygal.es\/juridico\/suscripcion-al-blog\/","title":{"rendered":"Suscr\u00edbete al blog"},"content":{"rendered":"<div class=\"wpb-content-wrapper\"><p>[vc_row][vc_column][vc_raw_html]JTNDaDIlMjBzdHlsZSUzRCUyMnRleHQtYWxpZ24lM0ElMjBjZW50ZXIlM0IlMjBjb2xvciUzQSUyMCUyMzAyMzk2ZiUzQiUyMiUzRSUzQ2klMjBjbGFzcyUzRCUyMmZhcyUyMGZhLWNoZWNrLWNpcmNsZSUyMiUzRSUzQyUyRmklM0UlM0NiciUzRSUwQVN1c2NyJUMzJUFEYmV0ZSUyMGFsJTIwYmxvZyUzQyUyRmgyJTNF[\/vc_raw_html][vc_column_text]<\/p>\n<p style=\"text-align: center;\">Rellena el formulario para estar al d\u00eda de todas las publicaciones de onLygal, y descubre cu\u00e1les son las mejores soluciones legales para ti, en las diferentes tem\u00e1ticas como son el trabajo, la familia, la vivienda, etc.<\/p>\n<p>[\/vc_column_text][vc_raw_html]JTNDc2NyaXB0JTIwdHlwZSUzRCUyMnRleHQlMkZqYXZhc2NyaXB0JTIyJTNFdmFyJTIwbG9jJTIwJTNEJTIwJTIyaHR0cHMlM0ElMkYlMkZhbmFseXRpY3MtZXUuY2xpY2tkaW1lbnNpb25zLmNvbSUyRm9ubHlnYWxlcy1hZXo2OCUyRnBhZ2VzJTJGJTIyJTNCJTNDJTJGc2NyaXB0JTNFJTBBJTNDc2NyaXB0JTIwdHlwZSUzRCUyMnRleHQlMkZqYXZhc2NyaXB0JTIyJTIwc3JjJTNEJTIyaHR0cHMlM0ElMkYlMkZjZG4tZXUuY2xpY2tkaW1lbnNpb25zLmNvbSUyRndlYiUyRnYxMCUyRkNEV2lkZ2V0LmpzJTIyJTNFJTNDJTJGc2NyaXB0JTNFJTBBJTNDZGl2JTIwcGFnZUlEJTNEJTIyYXRlZXd3MXllZWZpcWFpc2oxenhhJTIyJTNFJTNDJTJGZGl2JTNF[\/vc_raw_html][\/vc_column][\/vc_row]<\/p>\n<\/div>","protected":false},"excerpt":{"rendered":"<p>[vc_row][vc_column][vc_raw_html]JTNDaDIlMjBzdHlsZSUzRCUyMnRleHQtYWxpZ24lM0ElMjBjZW50ZXIlM0IlMjBjb2xvciUzQSUyMCUyMzAyMzk2ZiUzQiUyMiUzRSUzQ2klMjBjbGFzcyUzRCUyMmZhcyUyMGZhLWNoZWNrLWNpcmNsZSUyMiUzRSUzQyUyRmklM0UlM0NiciUzRSUwQVN1c2NyJUMzJUFEYmV0ZSUyMGFsJTIwYmxvZyUzQyUyRmgyJTNF[\/vc_raw_html][vc_column_text] Rellena el formulario para estar al d\u00eda de todas las publicaciones de onLygal, y descubre cu\u00e1les son las mejores soluciones legales para ti, en las diferentes tem\u00e1ticas como son el trabajo, la familia, la vivienda, etc. [\/vc_column_text][vc_raw_html]JTNDc2NyaXB0JTIwdHlwZSUzRCUyMnRleHQlMkZqYXZhc2NyaXB0JTIyJTNFdmFyJTIwbG9jJTIwJTNEJTIwJTIyaHR0cHMlM0ElMkYlMkZhbmFseXRpY3MtZXUuY2xpY2tkaW1lbnNpb25zLmNvbSUyRm9ubHlnYWxlcy1hZXo2OCUyRnBhZ2VzJTJGJTIyJTNCJTNDJTJGc2NyaXB0JTNFJTBBJTNDc2NyaXB0JTIwdHlwZSUzRCUyMnRleHQlMkZqYXZhc2NyaXB0JTIyJTIwc3JjJTNEJTIyaHR0cHMlM0ElMkYlMkZjZG4tZXUuY2xpY2tkaW1lbnNpb25zLmNvbSUyRndlYiUyRnYxMCUyRkNEV2lkZ2V0LmpzJTIyJTNFJTNDJTJGc2NyaXB0JTNFJTBBJTNDZGl2JTIwcGFnZUlEJTNEJTIyYXRlZXd3MXllZWZpcWFpc2oxenhhJTIyJTNFJTNDJTJGZGl2JTNF[\/vc_raw_html][\/vc_column][\/vc_row]<\/p>\n","protected":false},"author":1,"featured_media":0,"parent":0,"menu_order":0,"comment_status":"closed","ping_status":"closed","template":"","meta":{"_acf_changed":false,"footnotes":""},"class_list":["post-5440","page","type-page","status-publish","hentry"],"acf":[],"_links":{"self":[{"href":"https:\/\/onlygal.es\/juridico\/wp-json\/wp\/v2\/pages\/5440","targetHints":{"allow":["GET"]}}],"collection":[{"href":"https:\/\/onlygal.es\/juridico\/wp-json\/wp\/v2\/pages"}],"about":[{"href":"https:\/\/onlygal.es\/juridico\/wp-json\/wp\/v2\/types\/page"}],"author":[{"embeddable":true,"href":"https:\/\/onlygal.es\/juridico\/wp-json\/wp\/v2\/users\/1"}],"replies":[{"embeddable":true,"href":"https:\/\/onlygal.es\/juridico\/wp-json\/wp\/v2\/comments?post=5440"}],"version-history":[{"count":1,"href":"https:\/\/onlygal.es\/juridico\/wp-json\/wp\/v2\/pages\/5440\/revisions"}],"predecessor-version":[{"id":11208,"href":"https:\/\/onlygal.es\/juridico\/wp-json\/wp\/v2\/pages\/5440\/revisions\/11208"}],"wp:attachment":[{"href":"https:\/\/onlygal.es\/juridico\/wp-json\/wp\/v2\/media?parent=5440"}],"curies":[{"name":"wp","href":"https:\/\/api.w.org\/{rel}","templated":true}]}}