{"id":373,"date":"2022-03-30T08:23:10","date_gmt":"2022-03-30T08:23:10","guid":{"rendered":"https:\/\/10.16.0.238\/alquiler\/?page_id=373"},"modified":"2024-10-24T11:04:32","modified_gmt":"2024-10-24T09:04:32","slug":"preguntas-frecuentes","status":"publish","type":"page","link":"https:\/\/onlygal.es\/alquiler\/preguntas-frecuentes\/","title":{"rendered":"Preguntas frecuentes"},"content":{"rendered":"<p><div class=\"fusion-fullwidth fullwidth-box fusion-builder-row-1 fusion-flex-container nonhundred-percent-fullwidth non-hundred-percent-height-scrolling\" style=\"--link_hover_color: #00558c;--link_color: #00558c;--awb-border-radius-top-left:0px;--awb-border-radius-top-right:0px;--awb-border-radius-bottom-right:0px;--awb-border-radius-bottom-left:0px;--awb-padding-top:60px;--awb-padding-bottom:20px;--awb-padding-top-small:20px;--awb-flex-wrap:wrap;\" ><div class=\"fusion-builder-row fusion-row fusion-flex-align-items-flex-start fusion-flex-content-wrap\" style=\"max-width:1248px;margin-left: calc(-4% \/ 2 );margin-right: calc(-4% \/ 2 );\"><div class=\"fusion-layout-column fusion_builder_column fusion-builder-column-0 fusion_builder_column_1_1 1_1 fusion-flex-column\" style=\"--awb-bg-size:cover;--awb-width-large:100%;--awb-margin-top-large:0px;--awb-spacing-right-large:1.92%;--awb-margin-bottom-large:20px;--awb-spacing-left-large:1.92%;--awb-width-medium:100%;--awb-order-medium:0;--awb-spacing-right-medium:1.92%;--awb-spacing-left-medium:1.92%;--awb-width-small:100%;--awb-order-small:0;--awb-spacing-right-small:1.92%;--awb-spacing-left-small:1.92%;\"><div class=\"fusion-column-wrapper fusion-column-has-shadow fusion-flex-justify-content-flex-start fusion-content-layout-column\"><nav class=\"fusion-breadcrumbs fusion-breadcrumbs-1\" style=\"--awb-margin-bottom:0;--awb-alignment:center;--awb-text-hover-color:#6586cd;--awb-text-color:#01396f;--awb-breadcrumb-sep:&#039;&gt;&#039;;text-align:center;\" aria-label=\"Breadcrumb\"><ol class=\"awb-breadcrumb-list\"><li class=\"fusion-breadcrumb-item awb-breadcrumb-sep\" ><a href=\"https:\/\/onlygal.es\/alquiler\" class=\"fusion-breadcrumb-link\"><span >Inicio<\/span><\/a><\/li><\/ol><\/nav><div class=\"fusion-title title fusion-title-1 fusion-sep-none fusion-title-center fusion-title-text fusion-title-size-one\" style=\"--awb-font-size:40px;\"><h1 class=\"fusion-title-heading title-heading-center\" style=\"margin:0;font-size:1em;\"><p style=\"text-align: center;\"><strong><span style=\"color: #00558c;\">Preguntas frecuentes<\/span><\/strong><\/p><\/h1><\/div><\/div><\/div><\/div><\/div><div class=\"fusion-fullwidth fullwidth-box fusion-builder-row-2 fusion-flex-container nonhundred-percent-fullwidth non-hundred-percent-height-scrolling\" style=\"--awb-border-radius-top-left:0px;--awb-border-radius-top-right:0px;--awb-border-radius-bottom-right:0px;--awb-border-radius-bottom-left:0px;--awb-padding-bottom:30px;--awb-flex-wrap:wrap;\" ><div class=\"fusion-builder-row fusion-row fusion-flex-align-items-flex-start fusion-flex-justify-content-center fusion-flex-content-wrap\" style=\"max-width:1248px;margin-left: calc(-4% \/ 2 );margin-right: calc(-4% \/ 2 );\"><div class=\"fusion-layout-column fusion_builder_column fusion-builder-column-1 fusion_builder_column_3_5 3_5 fusion-flex-column\" style=\"--awb-bg-size:cover;--awb-width-large:60%;--awb-margin-top-large:0px;--awb-spacing-right-large:3.2%;--awb-margin-bottom-large:20px;--awb-spacing-left-large:3.2%;--awb-width-medium:60%;--awb-order-medium:0;--awb-spacing-right-medium:3.2%;--awb-spacing-left-medium:3.2%;--awb-width-small:100%;--awb-order-small:0;--awb-spacing-right-small:1.92%;--awb-spacing-left-small:1.92%;\"><div class=\"fusion-column-wrapper fusion-column-has-shadow fusion-flex-justify-content-flex-start fusion-content-layout-column\"><div class=\"accordian fusion-accordian\" style=\"--awb-border-size:0px;--awb-icon-size:20px;--awb-content-font-size:16px;--awb-icon-alignment:right;--awb-hover-color:#ffffff;--awb-border-color:#6586cd;--awb-background-color:#ffffff;--awb-divider-color:#e2e2e2;--awb-divider-hover-color:#e2e2e2;--awb-icon-color:#ffffff;--awb-title-color:#212934;--awb-content-color:#00558c;--awb-icon-box-color:#00558c;--awb-toggle-hover-accent-color:rgba(0,85,140,0.75);--awb-title-font-family:&quot;Apollo&quot;;--awb-title-font-weight:400;--awb-title-font-style:normal;--awb-title-font-size:18px;--awb-title-letter-spacing:1px;--awb-title-line-height:1.36;--awb-content-font-family:&quot;Avenir&quot;;--awb-content-font-style:normal;--awb-content-font-weight:400;\"><div class=\"panel-group fusion-toggle-icon-right fusion-toggle-icon-boxed\" id=\"accordion-373-1\"><div class=\"fusion-panel panel-default panel-d13179085160ddc78 fusion-toggle-no-divider fusion-toggle-boxed-mode\"><div class=\"panel-heading\"><h4 class=\"panel-title toggle\" id=\"toggle_d13179085160ddc78\"><a aria-expanded=\"false\" aria-controls=\"d13179085160ddc78\" role=\"button\" data-toggle=\"collapse\" data-target=\"#d13179085160ddc78\" href=\"#d13179085160ddc78\"><span class=\"fusion-toggle-icon-wrapper\" aria-hidden=\"true\"><i class=\"fa-fusion-box active-icon awb-icon-minus\" aria-hidden=\"true\"><\/i><i class=\"fa-fusion-box inactive-icon awb-icon-plus\" aria-hidden=\"true\"><\/i><\/span><span class=\"fusion-toggle-heading\">\u00bfEl seguro me abona la renta si el inquilino deja de pagar?<\/span><\/a><\/h4><\/div><div id=\"d13179085160ddc78\" class=\"panel-collapse collapse \" aria-labelledby=\"toggle_d13179085160ddc78\"><div class=\"panel-body toggle-content fusion-clearfix\">\n<p>onLygal Seguros te abonar\u00e1 las rentas impagadas por parte de tu inquilino desde que nos informes del incumplimiento hasta su desalojo (como m\u00e1ximo, desde los dos meses correlativos e inmediatamente anteriores a la fecha de notificaci\u00f3n del incumplimiento hasta el m\u00e1ximo de meses contratado en las condiciones particulares de tu contrato de seguro: 9, 12 o 18 meses).<\/p>\n<\/div><\/div><\/div><div class=\"fusion-panel panel-default panel-5fda343d0d1862a2c fusion-toggle-no-divider fusion-toggle-boxed-mode\"><div class=\"panel-heading\"><h4 class=\"panel-title toggle\" id=\"toggle_5fda343d0d1862a2c\"><a aria-expanded=\"false\" aria-controls=\"5fda343d0d1862a2c\" role=\"button\" data-toggle=\"collapse\" data-target=\"#5fda343d0d1862a2c\" href=\"#5fda343d0d1862a2c\"><span class=\"fusion-toggle-icon-wrapper\" aria-hidden=\"true\"><i class=\"fa-fusion-box active-icon awb-icon-minus\" aria-hidden=\"true\"><\/i><i class=\"fa-fusion-box inactive-icon awb-icon-plus\" aria-hidden=\"true\"><\/i><\/span><span class=\"fusion-toggle-heading\">\u00bfQu\u00e9 significa que el seguro cubre 9, 12 o 18 meses?<\/span><\/a><\/h4><\/div><div id=\"5fda343d0d1862a2c\" class=\"panel-collapse collapse \" aria-labelledby=\"toggle_5fda343d0d1862a2c\"><div class=\"panel-body toggle-content fusion-clearfix\">\n<p>Puedes contratar un seguro que cubra 9, 12 o 18 meses durante los cuales onLygal Seguros asumir\u00e1 el impago de rentas por parte del inquilino. Se trata de una cobertura cuyo plazo se inicia en el momento del incumplimiento del pago por parte del inquilino, y que tiene como fin cubrir la renta del alquiler mes a mes mientras se inicia en paralelo el proceso de desahucio u otras acciones. Adicionalmente te asesoraremos legalmente y defenderemos tus derechos frente a problemas que puedan surgir con tu inquilino.<\/p>\n<\/div><\/div><\/div><div class=\"fusion-panel panel-default panel-3cff0bd2fd33642ea fusion-toggle-no-divider fusion-toggle-boxed-mode\"><div class=\"panel-heading\"><h4 class=\"panel-title toggle\" id=\"toggle_3cff0bd2fd33642ea\"><a aria-expanded=\"false\" aria-controls=\"3cff0bd2fd33642ea\" role=\"button\" data-toggle=\"collapse\" data-target=\"#3cff0bd2fd33642ea\" href=\"#3cff0bd2fd33642ea\"><span class=\"fusion-toggle-icon-wrapper\" aria-hidden=\"true\"><i class=\"fa-fusion-box active-icon awb-icon-minus\" aria-hidden=\"true\"><\/i><i class=\"fa-fusion-box inactive-icon awb-icon-plus\" aria-hidden=\"true\"><\/i><\/span><span class=\"fusion-toggle-heading\">\u00bfQu\u00e9 debo hacer si el inquilino deja de pagar el alquiler?<\/span><\/a><\/h4><\/div><div id=\"3cff0bd2fd33642ea\" class=\"panel-collapse collapse \" aria-labelledby=\"toggle_3cff0bd2fd33642ea\"><div class=\"panel-body toggle-content fusion-clearfix\">\n<p>En el caso de que el inquilino deje de pagar, tienes que comunicarte con nosotros durante los primeros 45 d\u00edas en los que se ha producido el impago o un incumplimiento de contrato. En el caso de impago, en el momento que nos lo comuniques te indicaremos los pasos a seguir para que desde onLygal Seguros asumamos las mensualidades no pagadas por tu inquilino e iniciemos el proceso de reclamaci\u00f3n correspondiente.<\/p>\n<\/div><\/div><\/div><div class=\"fusion-panel panel-default panel-ad8d8093ae527efa8 fusion-toggle-no-divider fusion-toggle-boxed-mode\"><div class=\"panel-heading\"><h4 class=\"panel-title toggle\" id=\"toggle_ad8d8093ae527efa8\"><a aria-expanded=\"false\" aria-controls=\"ad8d8093ae527efa8\" role=\"button\" data-toggle=\"collapse\" data-target=\"#ad8d8093ae527efa8\" href=\"#ad8d8093ae527efa8\"><span class=\"fusion-toggle-icon-wrapper\" aria-hidden=\"true\"><i class=\"fa-fusion-box active-icon awb-icon-minus\" aria-hidden=\"true\"><\/i><i class=\"fa-fusion-box inactive-icon awb-icon-plus\" aria-hidden=\"true\"><\/i><\/span><span class=\"fusion-toggle-heading\">\u00bfQu\u00e9 pasa si despu\u00e9s de tramitar el siniestro el inquilino me paga?<\/span><\/a><\/h4><\/div><div id=\"ad8d8093ae527efa8\" class=\"panel-collapse collapse \" aria-labelledby=\"toggle_ad8d8093ae527efa8\"><div class=\"panel-body toggle-content fusion-clearfix\">\n<p>Si sucediera que el inquilino abonara la totalidad de la deuda adquirida o una parte de ella, como propietario debes comunicarlo a onLygal Seguros para que podamos actualizar la cuant\u00eda pendiente y seguir con las acciones que correspondan.<\/p>\n<p>En el caso de que el inquilino salde el total de la deuda, se proceder\u00e1 al cierre del expediente.<\/p>\n<\/div><\/div><\/div><div class=\"fusion-panel panel-default panel-445fd5b04a8fecd30 fusion-toggle-no-divider fusion-toggle-boxed-mode\"><div class=\"panel-heading\"><h4 class=\"panel-title toggle\" id=\"toggle_445fd5b04a8fecd30\"><a aria-expanded=\"false\" aria-controls=\"445fd5b04a8fecd30\" role=\"button\" data-toggle=\"collapse\" data-target=\"#445fd5b04a8fecd30\" href=\"#445fd5b04a8fecd30\"><span class=\"fusion-toggle-icon-wrapper\" aria-hidden=\"true\"><i class=\"fa-fusion-box active-icon awb-icon-minus\" aria-hidden=\"true\"><\/i><i class=\"fa-fusion-box inactive-icon awb-icon-plus\" aria-hidden=\"true\"><\/i><\/span><span class=\"fusion-toggle-heading\">\u00bfQu\u00e9 ocurre si el inquilino se marcha antes de cumplir el a\u00f1o?<\/span><\/a><\/h4><\/div><div id=\"445fd5b04a8fecd30\" class=\"panel-collapse collapse \" aria-labelledby=\"toggle_445fd5b04a8fecd30\"><div class=\"panel-body toggle-content fusion-clearfix\">\n<p>En el supuesto caso de que el inquilino se marche antes de que culmine tu contrato de seguro contrato, el importe invertido en el seguro no se pierde. Tienes dos opciones:<\/p>\n<ol>\n<li>Solicitar una suspensi\u00f3n temporal mediante la firma del contrato de rescisi\u00f3n, el importe no utilizado se compensar\u00e1 con la sustituci\u00f3n.<\/li>\n<li>Solicitar un reembolso \u2013 hasta un m\u00e1ximo de 6 meses de tu prima no consumida, siempre y cuando no haya habido siniestros en la misma anualidad.<\/li>\n<\/ol>\n<\/div><\/div><\/div><div class=\"fusion-panel panel-default panel-ddc5a951bf35ccc8b fusion-toggle-no-divider fusion-toggle-boxed-mode\"><div class=\"panel-heading\"><h4 class=\"panel-title toggle\" id=\"toggle_ddc5a951bf35ccc8b\"><a aria-expanded=\"false\" aria-controls=\"ddc5a951bf35ccc8b\" role=\"button\" data-toggle=\"collapse\" data-target=\"#ddc5a951bf35ccc8b\" href=\"#ddc5a951bf35ccc8b\"><span class=\"fusion-toggle-icon-wrapper\" aria-hidden=\"true\"><i class=\"fa-fusion-box active-icon awb-icon-minus\" aria-hidden=\"true\"><\/i><i class=\"fa-fusion-box inactive-icon awb-icon-plus\" aria-hidden=\"true\"><\/i><\/span><span class=\"fusion-toggle-heading\">\u00bfCu\u00e1ndo empiezo a cobrar el adelanto de mensualidades?<\/span><\/a><\/h4><\/div><div id=\"ddc5a951bf35ccc8b\" class=\"panel-collapse collapse \" aria-labelledby=\"toggle_ddc5a951bf35ccc8b\"><div class=\"panel-body toggle-content fusion-clearfix\">\n<p>El adelanto de las rentas impagadas por parte de onLygal Seguros se efect\u00faa una vez presentada la demanda e iniciada la reclamaci\u00f3n.<\/p>\n<\/div><\/div><\/div><div class=\"fusion-panel panel-default panel-00c42d190ab507759 fusion-toggle-no-divider fusion-toggle-boxed-mode\"><div class=\"panel-heading\"><h4 class=\"panel-title toggle\" id=\"toggle_00c42d190ab507759\"><a aria-expanded=\"false\" aria-controls=\"00c42d190ab507759\" role=\"button\" data-toggle=\"collapse\" data-target=\"#00c42d190ab507759\" href=\"#00c42d190ab507759\"><span class=\"fusion-toggle-icon-wrapper\" aria-hidden=\"true\"><i class=\"fa-fusion-box active-icon awb-icon-minus\" aria-hidden=\"true\"><\/i><i class=\"fa-fusion-box inactive-icon awb-icon-plus\" aria-hidden=\"true\"><\/i><\/span><span class=\"fusion-toggle-heading\">\u00bfQu\u00e9 es una franquicia por impago?<\/span><\/a><\/h4><\/div><div id=\"00c42d190ab507759\" class=\"panel-collapse collapse \" aria-labelledby=\"toggle_00c42d190ab507759\"><div class=\"panel-body toggle-content fusion-clearfix\">\n<p>La franquicia es el importe de impago de renta que el asegurado asume para adaptar el precio del seguro a sus necesidades. En onLygal podr\u00e1s elegir entre dos modalidades: una con franquicia onLygal Impago de Alquiler PREMIUM y otra sin franquicia onLygal Impago de Alquiler PREMIUM PLUS.<\/p>\n<\/div><\/div><\/div><div class=\"fusion-panel panel-default panel-f3af8179beb218317 fusion-toggle-no-divider fusion-toggle-boxed-mode\"><div class=\"panel-heading\"><h4 class=\"panel-title toggle\" id=\"toggle_f3af8179beb218317\"><a aria-expanded=\"false\" aria-controls=\"f3af8179beb218317\" role=\"button\" data-toggle=\"collapse\" data-target=\"#f3af8179beb218317\" href=\"#f3af8179beb218317\"><span class=\"fusion-toggle-icon-wrapper\" aria-hidden=\"true\"><i class=\"fa-fusion-box active-icon awb-icon-minus\" aria-hidden=\"true\"><\/i><i class=\"fa-fusion-box inactive-icon awb-icon-plus\" aria-hidden=\"true\"><\/i><\/span><span class=\"fusion-toggle-heading\">\u00bfCu\u00e1ntas consultas puedo hacer durante el a\u00f1o?<\/span><\/a><\/h4><\/div><div id=\"f3af8179beb218317\" class=\"panel-collapse collapse \" aria-labelledby=\"toggle_f3af8179beb218317\"><div class=\"panel-body toggle-content fusion-clearfix\">\n<p>Las consultas telef\u00f3nicas con nuestro equipo de abogados son ilimitadas. Desde el primer d\u00eda podr\u00e1s resolver todas las dudas que puedan surgirte en relaci\u00f3n al alquiler de la vivienda asegurada.<\/p>\n<\/div><\/div><\/div><div class=\"fusion-panel panel-default panel-a28f5ba0f1c479984 fusion-toggle-no-divider fusion-toggle-boxed-mode\"><div class=\"panel-heading\"><h4 class=\"panel-title toggle\" id=\"toggle_a28f5ba0f1c479984\"><a aria-expanded=\"false\" aria-controls=\"a28f5ba0f1c479984\" role=\"button\" data-toggle=\"collapse\" data-target=\"#a28f5ba0f1c479984\" href=\"#a28f5ba0f1c479984\"><span class=\"fusion-toggle-icon-wrapper\" aria-hidden=\"true\"><i class=\"fa-fusion-box active-icon awb-icon-minus\" aria-hidden=\"true\"><\/i><i class=\"fa-fusion-box inactive-icon awb-icon-plus\" aria-hidden=\"true\"><\/i><\/span><span class=\"fusion-toggle-heading\">\u00bfQui\u00e9n debe pagar el seguro de impago de alquiler?<\/span><\/a><\/h4><\/div><div id=\"a28f5ba0f1c479984\" class=\"panel-collapse collapse \" aria-labelledby=\"toggle_a28f5ba0f1c479984\"><div class=\"panel-body toggle-content fusion-clearfix\">\n<p>Recomendamos que este seguro de impago de alquiler sea abonado siempre por el propietario.<\/p>\n<\/div><\/div><\/div><div class=\"fusion-panel panel-default panel-940a4446a97362022 fusion-toggle-no-divider fusion-toggle-boxed-mode\"><div class=\"panel-heading\"><h4 class=\"panel-title toggle\" id=\"toggle_940a4446a97362022\"><a aria-expanded=\"false\" aria-controls=\"940a4446a97362022\" role=\"button\" data-toggle=\"collapse\" data-target=\"#940a4446a97362022\" href=\"#940a4446a97362022\"><span class=\"fusion-toggle-icon-wrapper\" aria-hidden=\"true\"><i class=\"fa-fusion-box active-icon awb-icon-minus\" aria-hidden=\"true\"><\/i><i class=\"fa-fusion-box inactive-icon awb-icon-plus\" aria-hidden=\"true\"><\/i><\/span><span class=\"fusion-toggle-heading\">\u00bfEn qu\u00e9 momento tengo que realizar el pago del seguro?<\/span><\/a><\/h4><\/div><div id=\"940a4446a97362022\" class=\"panel-collapse collapse \" aria-labelledby=\"toggle_940a4446a97362022\"><div class=\"panel-body toggle-content fusion-clearfix\">\n<p>Antes de la contrataci\u00f3n realizamos un estudio de solvencia de los inquilinos. Si es estudio es favorable tendr\u00e1s hasta 60 d\u00edas para contratar la p\u00f3liza con los inquilinos aceptados por onLygal Seguros. Una vez contratada la p\u00f3liza le giraremos el recibo anual a la cuenta indicada.<\/p>\n<\/div><\/div><\/div><div class=\"fusion-panel panel-default panel-1b1230f4dfbcdf75c fusion-toggle-no-divider fusion-toggle-boxed-mode\"><div class=\"panel-heading\"><h4 class=\"panel-title toggle\" id=\"toggle_1b1230f4dfbcdf75c\"><a aria-expanded=\"false\" aria-controls=\"1b1230f4dfbcdf75c\" role=\"button\" data-toggle=\"collapse\" data-target=\"#1b1230f4dfbcdf75c\" href=\"#1b1230f4dfbcdf75c\"><span class=\"fusion-toggle-icon-wrapper\" aria-hidden=\"true\"><i class=\"fa-fusion-box active-icon awb-icon-minus\" aria-hidden=\"true\"><\/i><i class=\"fa-fusion-box inactive-icon awb-icon-plus\" aria-hidden=\"true\"><\/i><\/span><span class=\"fusion-toggle-heading\">\u00bfEl pago del seguro es mensual?<\/span><\/a><\/h4><\/div><div id=\"1b1230f4dfbcdf75c\" class=\"panel-collapse collapse \" aria-labelledby=\"toggle_1b1230f4dfbcdf75c\"><div class=\"panel-body toggle-content fusion-clearfix\">\n<p>Se realiza un \u00fanico pago anual. El seguro es anual y se renueva a\u00f1o a a\u00f1o.<\/p>\n<\/div><\/div><\/div><\/div><\/div><\/div><\/div><\/div><\/div><div class=\"fusion-fullwidth fullwidth-box fusion-builder-row-3 fusion-flex-container nonhundred-percent-fullwidth non-hundred-percent-height-scrolling\" style=\"--awb-border-radius-top-left:0px;--awb-border-radius-top-right:0px;--awb-border-radius-bottom-right:0px;--awb-border-radius-bottom-left:0px;--awb-padding-bottom:30px;--awb-flex-wrap:wrap;\" ><div class=\"fusion-builder-row fusion-row fusion-flex-align-items-flex-start fusion-flex-justify-content-center fusion-flex-content-wrap\" style=\"max-width:1248px;margin-left: calc(-4% \/ 2 );margin-right: calc(-4% \/ 2 );\"><div class=\"fusion-layout-column fusion_builder_column fusion-builder-column-2 fusion_builder_column_1_1 1_1 fusion-flex-column\" style=\"--awb-bg-size:cover;--awb-width-large:100%;--awb-margin-top-large:0px;--awb-spacing-right-large:1.92%;--awb-margin-bottom-large:20px;--awb-spacing-left-large:1.92%;--awb-width-medium:100%;--awb-order-medium:0;--awb-spacing-right-medium:1.92%;--awb-spacing-left-medium:1.92%;--awb-width-small:100%;--awb-order-small:0;--awb-spacing-right-small:1.92%;--awb-spacing-left-small:1.92%;\"><div class=\"fusion-column-wrapper fusion-column-has-shadow fusion-flex-justify-content-flex-start fusion-content-layout-column\"><script type=\"application\/ld+json\">{\"@context\":\"https:\/\/schema.org\",\"@type\":\"FAQPage\",\"mainEntity\":[{\"@type\":\"Question\",\"name\":\"\u00bfEl seguro me abona la renta si el inquilino deja de pagar?\",\"acceptedAnswer\":{\"@type\":\"Answer\",\"text\":\"onLygal Seguros te abonar\u00e1 las rentas impagadas por parte de tu inquilino desde que nos informes del incumplimiento hasta su desalojo (como m\u00e1ximo, desde los dos meses correlativos e inmediatamente anteriores a la fecha de notificaci\u00f3n del incumplimiento hasta el m\u00e1ximo de meses contratado en las condiciones particulares de tu contrato de seguro: 9, 12 o 18 meses).\"}},{\"@type\":\"Question\",\"name\":\"\u00bfQu\u00e9 significa que el seguro cubre 9, 12 o 18 meses?\",\"acceptedAnswer\":{\"@type\":\"Answer\",\"text\":\"Puedes contratar un seguro que cubra 9, 12 o 18 meses durante los cuales onLygal Seguros asumir\u00e1 el impago de rentas por parte del inquilino. Se trata de una cobertura cuyo plazo se inicia en el momento del incumplimiento del pago por parte del inquilino, y que tiene como fin cubrir la renta del alquiler mes a mes mientras se inicia en paralelo el proceso de desahucio u otras acciones. Adicionalmente te asesoraremos legalmente y defenderemos tus derechos frente a problemas que puedan surgir con tu inquilino.\"}},{\"@type\":\"Question\",\"name\":\"\u00bfQu\u00e9 debo hacer si el inquilino deja de pagar el alquiler?\",\"acceptedAnswer\":{\"@type\":\"Answer\",\"text\":\"En el caso de que el inquilino deje de pagar, tienes que comunicarte con nosotros durante los primeros 45 d\u00edas en los que se ha producido el impago o un incumplimiento de contrato. En el caso de impago, en el momento que nos lo comuniques te indicaremos los pasos a seguir para que desde onLygal Seguros asumamos las mensualidades no pagadas por tu inquilino e iniciemos el proceso de reclamaci\u00f3n correspondiente.\"}},{\"@type\":\"Question\",\"name\":\"\u00bfQu\u00e9 pasa si despu\u00e9s de tramitar el siniestro el inquilino me paga?\",\"acceptedAnswer\":{\"@type\":\"Answer\",\"text\":\"Si sucediera que el inquilino abonara la totalidad de la deuda adquirida o una parte de ella, como propietario debes comunicarlo a onLygal Seguros para que podamos actualizar la cuant\u00eda pendiente y seguir con las acciones que correspondan.\"}},{\"@type\":\"Question\",\"name\":\"\u00bfQu\u00e9 ocurre si el inquilino se marcha antes de cumplir el a\u00f1o?\",\"acceptedAnswer\":{\"@type\":\"Answer\",\"text\":\"En el supuesto caso de que el inquilino se marche antes de que culmine tu contrato de seguro contrato, el importe invertido en el seguro no se pierde. Tienes dos opciones:1.Solicitar una suspensi\u00f3n temporal mediante la firma del contrato de rescisi\u00f3n, el importe no utilizado se compensar\u00e1 con la sustituci\u00f3n.2.Solicitar un reembolso \u2013 hasta un m\u00e1ximo de 6 meses de tu prima no consumida, siempre y cuando no haya habido siniestros en la misma anualidad.\"}},{\"@type\":\"Question\",\"name\":\"\u00bfCu\u00e1ndo empiezo a cobrar el adelanto de mensualidades?\",\"acceptedAnswer\":{\"@type\":\"Answer\",\"text\":\"El adelanto de las rentas impagadas por parte de onLygal Seguros se efect\u00faa una vez presentada la demanda e iniciada la reclamaci\u00f3n.\"}},{\"@type\":\"Question\",\"name\":\"\u00bfQu\u00e9 es una franquicia por impago?\",\"acceptedAnswer\":{\"@type\":\"Answer\",\"text\":\"La franquicia es el importe de impago de renta que el asegurado asume para adaptar el precio del seguro a sus necesidades. En onLygal podr\u00e1s elegir entre dos modalidades: una con franquicia onLygal Impago de Alquiler PREMIUM y otra sin franquicia onLygal Impago de Alquiler PREMIUM PLUS.\"}},{\"@type\":\"Question\",\"name\":\"\u00bfCu\u00e1ntas consultas puedo hacer durante el a\u00f1o?\",\"acceptedAnswer\":{\"@type\":\"Answer\",\"text\":\"Las consultas telef\u00f3nicas con nuestro equipo de abogados son ilimitadas. Desde el primer d\u00eda podr\u00e1s resolver todas las dudas que puedan surgirte en relaci\u00f3n al alquiler de la vivienda asegurada.\"}},{\"@type\":\"Question\",\"name\":\"\u00bfQui\u00e9n debe pagar el seguro de impago de alquiler?\",\"acceptedAnswer\":{\"@type\":\"Answer\",\"text\":\"Recomendamos que este seguro de impago de alquiler sea abonado siempre por el propietario.\"}},{\"@type\":\"Question\",\"name\":\"\u00bfEn qu\u00e9 momento tengo que realizar el pago del seguro?\",\"acceptedAnswer\":{\"@type\":\"Answer\",\"text\":\"Antes de la contrataci\u00f3n realizamos un estudio de solvencia de los inquilinos. Si es estudio es favorable tendr\u00e1s hasta 60 d\u00edas para contratar la p\u00f3liza con los inquilinos aceptados por onLygal Seguros. Una vez contratada la p\u00f3liza le giraremos el recibo anual a la cuenta indicada.\"}},{\"@type\":\"Question\",\"name\":\"\u00bfEl pago del seguro es mensual?\",\"acceptedAnswer\":{\"@type\":\"Answer\",\"text\":\"Se realiza un \u00fanico pago anual. El seguro es anual y se renueva a\u00f1o a a\u00f1o.\"}}]}<\/script><\/div><\/div><\/div><\/div><\/p>\n","protected":false},"excerpt":{"rendered":"","protected":false},"author":13,"featured_media":0,"parent":0,"menu_order":0,"comment_status":"closed","ping_status":"closed","template":"","meta":{"_acf_changed":false,"inline_featured_image":false,"footnotes":""},"class_list":["post-373","page","type-page","status-publish","hentry"],"acf":[],"_links":{"self":[{"href":"https:\/\/onlygal.es\/alquiler\/wp-json\/wp\/v2\/pages\/373","targetHints":{"allow":["GET"]}}],"collection":[{"href":"https:\/\/onlygal.es\/alquiler\/wp-json\/wp\/v2\/pages"}],"about":[{"href":"https:\/\/onlygal.es\/alquiler\/wp-json\/wp\/v2\/types\/page"}],"author":[{"embeddable":true,"href":"https:\/\/onlygal.es\/alquiler\/wp-json\/wp\/v2\/users\/13"}],"replies":[{"embeddable":true,"href":"https:\/\/onlygal.es\/alquiler\/wp-json\/wp\/v2\/comments?post=373"}],"version-history":[{"count":4,"href":"https:\/\/onlygal.es\/alquiler\/wp-json\/wp\/v2\/pages\/373\/revisions"}],"predecessor-version":[{"id":11485,"href":"https:\/\/onlygal.es\/alquiler\/wp-json\/wp\/v2\/pages\/373\/revisions\/11485"}],"wp:attachment":[{"href":"https:\/\/onlygal.es\/alquiler\/wp-json\/wp\/v2\/media?parent=373"}],"curies":[{"name":"wp","href":"https:\/\/api.w.org\/{rel}","templated":true}]}}